{"id":12520,"date":"2019-05-04T01:47:40","date_gmt":"2019-05-04T01:47:40","guid":{"rendered":"https:\/\/eshop.cosmosfurs.gr\/uber-uns\/"},"modified":"2022-04-15T11:00:25","modified_gmt":"2022-04-15T11:00:25","slug":"uber-uns","status":"publish","type":"page","link":"https:\/\/eshop.cosmosfurs.gr\/de\/uber-uns\/","title":{"rendered":"\u00dcber uns"},"content":{"rendered":"<div class=\"wpb-content-wrapper\"><p>[vc_row full_width=&#8220;stretch_row&#8220; parallax=&#8220;content-moving&#8220; css=&#8220;.vc_custom_1632757974016{padding-top: 100px !important;padding-bottom: 100px !important;background-image: url(https:\/\/new-boutique.kutethemes.net\/wp-content\/uploads\/2019\/05\/15_AboutUs.jpg?id=1461) !important;background-position: center;background-repeat: no-repeat !important;background-size: cover !important;}&#8220; ovic_vc_custom_id=&#8220;ovic_vc_custom_6259504948fdf&#8220; hidden_markup_01=&#8220;&#8220;][vc_column][vc_custom_heading text=&#8220;\u00dcber uns&#8220; font_container=&#8220;tag:h1|font_size:48|text_align:center|color:%23ffffff&#8220; use_theme_fonts=&#8220;yes&#8220; ovic_vc_custom_id=&#8220;ovic_vc_custom_6259504948fe1&#8243;][vc_custom_heading text=&#8220;Welcome to Cosmos Furs, Feathers and Jewellers&#8220; font_container=&#8220;tag:h5|font_size:18|text_align:center|color:%23ffffff&#8220; google_fonts=&#8220;font_family:Playfair%20Display%3Aregular%2Citalic%2C700%2C700italic%2C900%2C900italic|font_style:400%20italic%3A400%3Aitalic&#8220; ovic_vc_custom_id=&#8220;ovic_vc_custom_6259504948fe2&#8243;][\/vc_column][\/vc_row][vc_row ovic_vc_custom_id=&#8220;ovic_vc_custom_6259504948fe3&#8243; css=&#8220;.vc_custom_1558516470755{padding-top: 75px !important;padding-bottom: 75px !important;}&#8220;][vc_column offset=&#8220;vc_col-md-offset-1 vc_col-md-10&#8243; ovic_vc_custom_id=&#8220;ovic_vc_custom_6259504948fe4&#8243;][vc_custom_heading text=&#8220;\u00dcber uns&#8220; font_container=&#8220;tag:h2|font_size:24|text_align:center|line_height:32px&#8220; use_theme_fonts=&#8220;yes&#8220; ovic_vc_custom_id=&#8220;ovic_vc_custom_6259504948fe5&#8243; css=&#8220;.vc_custom_1632757726946{margin-bottom: 47px !important;}&#8220;][vc_custom_heading text=&#8220;Seit \u00fcber 65 Jahren bietet die Familie Malandris Leder, Pelze und Schmuck in bester Qualit\u00e4t an.<br \/>\nIn all dieser Zeit bis heute verwenden wir bei der Herstellung der selbst entworfenen St\u00fccke in unserer eigenen Werkstatt nur feinste Materialien aus Leder und Fell.<br \/>\nJetzt, nach vier Generationen Familienunternehmen, blicken wir auf gewachsene Beziehungen zu vielen Kunden in aller Welt zur\u00fcck, resultierend aus bester Qualit\u00e4t, Preisen und stets sehr freundlichem Service.<br \/>\nMit unseren beiden luxuri\u00f6sen Gesch\u00e4ften begr\u00fc\u00dfen wir Sie in der ber\u00fchmten mittelalterlichen Altstadt der Insel Rhodos.&#8220; font_container=&#8220;tag:p|font_size:14|text_align:center|line_height:24px&#8220; google_fonts=&#8220;font_family:Playfair%20Display%3Aregular%2Citalic%2C700%2C700italic%2C900%2C900italic|font_style:400%20italic%3A400%3Aitalic&#8220; ovic_vc_custom_id=&#8220;ovic_vc_custom_6259504948fe6&#8243; css=&#8220;.vc_custom_1632757740740{margin-bottom: 28px !important;}&#8220;][vc_custom_heading text=&#8220;by Tassos Malandris&#8220; font_container=&#8220;tag:h4|font_size:26|text_align:center|line_height:36px&#8220; google_fonts=&#8220;font_family:Great%20Vibes%3Aregular|font_style:400%20regular%3A400%3Anormal&#8220; ovic_vc_custom_id=&#8220;ovic_vc_custom_6259504948fe7&#8243; ovic_hidden_markup=&#8220;&#8220; hidden_markup_desktop=&#8220;&#8220; hidden_markup_laptop=&#8220;&#8220; hidden_markup_tablet=&#8220;&#8220; hidden_markup_ipad=&#8220;&#8220; hidden_markup_mobile=&#8220;&#8220;][\/vc_column][\/vc_row]<\/p>\n<\/div>","protected":false},"excerpt":{"rendered":"<p>[vc_row full_width=&#8220;stretch_row&#8220; parallax=&#8220;content-moving&#8220; css=&#8220;.vc_custom_1632757974016{padding-top: 100px !important;padding-bottom: 100px !important;background-image: url(https:\/\/new-boutique.kutethemes.net\/wp-content\/uploads\/2019\/05\/15_AboutUs.jpg?id=1461) !important;background-position: center;background-repeat: no-repeat !important;background-size: cover !important;}&#8220; ovic_vc_custom_id=&#8220;ovic_vc_custom_6259504948fdf&#8220; hidden_markup_01=&#8220;&#8220;][vc_column][vc_custom_heading text=&#8220;\u00dcber uns&#8220; font_container=&#8220;tag:h1|font_size:48|text_align:center|color:%23ffffff&#8220; use_theme_fonts=&#8220;yes&#8220; ovic_vc_custom_id=&#8220;ovic_vc_custom_6259504948fe1&#8243;][vc_custom_heading text=&#8220;Welcome to Cosmos Furs, Feathers and Jewellers&#8220; font_container=&#8220;tag:h5|font_size:18|text_align:center|color:%23ffffff&#8220; google_fonts=&#8220;font_family:Playfair%20Display%3Aregular%2Citalic%2C700%2C700italic%2C900%2C900italic|font_style:400%20italic%3A400%3Aitalic&#8220; ovic_vc_custom_id=&#8220;ovic_vc_custom_6259504948fe2&#8243;][\/vc_column][\/vc_row][vc_row ovic_vc_custom_id=&#8220;ovic_vc_custom_6259504948fe3&#8243; css=&#8220;.vc_custom_1558516470755{padding-top: 75px !important;padding-bottom: 75px !important;}&#8220;][vc_column offset=&#8220;vc_col-md-offset-1 vc_col-md-10&#8243; ovic_vc_custom_id=&#8220;ovic_vc_custom_6259504948fe4&#8243;][vc_custom_heading text=&#8220;\u00dcber uns&#8220; font_container=&#8220;tag:h2|font_size:24|text_align:center|line_height:32px&#8220; use_theme_fonts=&#8220;yes&#8220; ovic_vc_custom_id=&#8220;ovic_vc_custom_6259504948fe5&#8243; css=&#8220;.vc_custom_1632757726946{margin-bottom: 47px !important;}&#8220;][vc_custom_heading text=&#8220;Seit \u00fcber 65 Jahren bietet die [&hellip;]<\/p>\n","protected":false},"author":1,"featured_media":0,"parent":0,"menu_order":0,"comment_status":"closed","ping_status":"closed","template":"templates\/fullwidth.php","meta":{"footnotes":""},"class_list":["post-12520","page","type-page","status-publish","hentry"],"_links":{"self":[{"href":"https:\/\/eshop.cosmosfurs.gr\/de\/wp-json\/wp\/v2\/pages\/12520","targetHints":{"allow":["GET"]}}],"collection":[{"href":"https:\/\/eshop.cosmosfurs.gr\/de\/wp-json\/wp\/v2\/pages"}],"about":[{"href":"https:\/\/eshop.cosmosfurs.gr\/de\/wp-json\/wp\/v2\/types\/page"}],"author":[{"embeddable":true,"href":"https:\/\/eshop.cosmosfurs.gr\/de\/wp-json\/wp\/v2\/users\/1"}],"replies":[{"embeddable":true,"href":"https:\/\/eshop.cosmosfurs.gr\/de\/wp-json\/wp\/v2\/comments?post=12520"}],"version-history":[{"count":6,"href":"https:\/\/eshop.cosmosfurs.gr\/de\/wp-json\/wp\/v2\/pages\/12520\/revisions"}],"predecessor-version":[{"id":13037,"href":"https:\/\/eshop.cosmosfurs.gr\/de\/wp-json\/wp\/v2\/pages\/12520\/revisions\/13037"}],"wp:attachment":[{"href":"https:\/\/eshop.cosmosfurs.gr\/de\/wp-json\/wp\/v2\/media?parent=12520"}],"curies":[{"name":"wp","href":"https:\/\/api.w.org\/{rel}","templated":true}]}}