{"id":12524,"date":"2021-09-27T15:36:03","date_gmt":"2021-09-27T15:36:03","guid":{"rendered":"https:\/\/eshop.cosmosfurs.gr\/zahlungsarten\/"},"modified":"2022-02-18T10:10:22","modified_gmt":"2022-02-18T10:10:22","slug":"zahlungsarten","status":"publish","type":"page","link":"https:\/\/eshop.cosmosfurs.gr\/de\/zahlungsarten\/","title":{"rendered":"Zahlungsarten"},"content":{"rendered":"<p><strong>Bestell-Zahlungsmethoden<\/strong><br \/>\nDie Produkte von Leder und Schmuck Tassos Malandris werden zu Einzelhandelspreisen angeboten, die die Mehrwertsteuer enthalten. Au\u00dfer dem Einzelhandelspreis tr\u00e4gt jeder Kunde auch die Versandkosten. Bevor Sie Ihre Bestellung aufgeben, werden Sie \u00fcber die voraussichtlichen Lieferdetails informiert. Das Unternehmen kann die Preise seiner Produkte \u00e4ndern. \u00c4nderungen an den Produkten wirken sich nicht auf geplante Lieferungen oder bereits versendete Lieferungen aus<\/p>\n<p>Sie k\u00f6nnen Ihre Waren wie folgt bezahlen: Kreditkarte oder Debitkarte, Einzahlung auf ein Bankkonto. Sobald Sie Ihre Bestellung aufgegeben haben und uns Ihre E-Mail-Adresse mitgeteilt haben, erhalten Sie eine E-Mail-Best\u00e4tigung mit Ihren voraussichtlichen Lieferdetails.<\/p>\n<p>Der Verbraucher muss nach dem Schlucken der Bestellung sofort \u00fcberpr\u00fcfen, ob die Verpackung intakt ist und ob der Zustand der Produkte, die er erhalten hat, dem erwarteten entspricht oder ob es sich um problematische Produkte handelt, damit er das Recht der Haftungsrichtlinie f\u00fcr besch\u00e4digte Waren nicht verliert geliefert.<\/p>\n<p>Verbraucher k\u00f6nnen das Widerrufsrecht bis 14 Tage nach Annahme der Bestellung aus\u00fcben und eine R\u00fcckerstattung verlangen, aber nicht unbedingt eine neue Bestellung aufgeben und ohne die R\u00fccksendung der Bestellung zu rechtfertigen. Wir werden so schnell wie m\u00f6glich, sp\u00e4testens jedoch innerhalb von 14, eine R\u00fcckerstattung vornehmen, indem wir versuchen, dieselbe Zahlungsmethode zu verwenden (oder, falls die Artikel noch nicht bezahlt wurden, die R\u00fcckgabe der Artikel in Ihrem Kontostand widerzuspiegeln). Tage nach Eingang Ihrer Widerrufserkl\u00e4rung, sofern uns die Ware zugegangen ist oder Sie den Nachweis erbracht haben, dass Sie die Ware zur\u00fcckgesandt haben. Wenn Ihnen die Artikel in Rechnung gestellt wurden, erhalten Sie eine R\u00fcckerstattung, die die Standardversandkosten unseres Unternehmens enth\u00e4lt. Das zur\u00fcckgegebene Produkt muss in einem sehr guten Zustand sein und die Umverpackung sollte nicht zerst\u00f6rt werden.<\/p>\n<p>Es gibt keine R\u00fcckerstattung f\u00fcr Produkte, die verwendet oder zerst\u00f6rt wurden oder die \u00e4u\u00dfere Verpackung auf irgendeine Weise manipuliert wurde. Falls ein von Ihnen gekauftes Produkt fehlerhaft ist, wird es von der Garantie der Firma, die es hergestellt hat, beanstandet, und die Reparaturverantwortung liegt bei ihr.<\/p>\n","protected":false},"excerpt":{"rendered":"<p>Bestell-Zahlungsmethoden Die Produkte von Leder und Schmuck Tassos Malandris werden zu Einzelhandelspreisen angeboten, die die Mehrwertsteuer enthalten. Au\u00dfer dem Einzelhandelspreis tr\u00e4gt jeder Kunde auch die Versandkosten. Bevor Sie Ihre Bestellung aufgeben, werden Sie \u00fcber die voraussichtlichen Lieferdetails informiert. Das Unternehmen kann die Preise seiner Produkte \u00e4ndern. \u00c4nderungen an den Produkten wirken sich nicht auf geplante [&hellip;]<\/p>\n","protected":false},"author":1,"featured_media":0,"parent":0,"menu_order":0,"comment_status":"closed","ping_status":"closed","template":"","meta":{"footnotes":""},"class_list":["post-12524","page","type-page","status-publish","hentry"],"_links":{"self":[{"href":"https:\/\/eshop.cosmosfurs.gr\/de\/wp-json\/wp\/v2\/pages\/12524","targetHints":{"allow":["GET"]}}],"collection":[{"href":"https:\/\/eshop.cosmosfurs.gr\/de\/wp-json\/wp\/v2\/pages"}],"about":[{"href":"https:\/\/eshop.cosmosfurs.gr\/de\/wp-json\/wp\/v2\/types\/page"}],"author":[{"embeddable":true,"href":"https:\/\/eshop.cosmosfurs.gr\/de\/wp-json\/wp\/v2\/users\/1"}],"replies":[{"embeddable":true,"href":"https:\/\/eshop.cosmosfurs.gr\/de\/wp-json\/wp\/v2\/comments?post=12524"}],"version-history":[{"count":1,"href":"https:\/\/eshop.cosmosfurs.gr\/de\/wp-json\/wp\/v2\/pages\/12524\/revisions"}],"predecessor-version":[{"id":12525,"href":"https:\/\/eshop.cosmosfurs.gr\/de\/wp-json\/wp\/v2\/pages\/12524\/revisions\/12525"}],"wp:attachment":[{"href":"https:\/\/eshop.cosmosfurs.gr\/de\/wp-json\/wp\/v2\/media?parent=12524"}],"curies":[{"name":"wp","href":"https:\/\/api.w.org\/{rel}","templated":true}]}}