{"id":12536,"date":"2021-04-08T10:15:46","date_gmt":"2021-04-08T10:15:46","guid":{"rendered":"https:\/\/eshop.cosmosfurs.gr\/product\/olivia-nerzjacke\/"},"modified":"2022-02-18T10:17:17","modified_gmt":"2022-02-18T10:17:17","slug":"olivia-nerzjacke","status":"publish","type":"product","link":"https:\/\/eshop.cosmosfurs.gr\/de\/product\/olivia-nerzjacke\/","title":{"rendered":"Olivia &#8211; Nerzjacke"},"content":{"rendered":"<p>Nat\u00fcrliche Full Skins Pastell und Black Diamond Super Select-Qualit\u00e4t Top-Top Female Skins.<\/p>\n","protected":false},"excerpt":{"rendered":"<p style=\"text-align: left;\"><strong>Europ\u00e4ische Gr\u00f6\u00dfe:<\/strong> 44<br \/>\n<strong>Brustumfang:<\/strong> 140-142 cm<br \/>\n<strong>Taille:<\/strong> 150 cm<br \/>\n<strong>Umfang:<\/strong> 150 cm<br \/>\n<strong>\u00c4rmel:<\/strong> 62 cm<br \/>\n<strong>L\u00e4nge:<\/strong> 76cm<\/p>\n","protected":false},"featured_media":11664,"template":"","meta":[],"product_cat":[266,267,268],"product_tag":[],"class_list":{"0":"post-12536","1":"product","2":"type-product","3":"status-publish","4":"has-post-thumbnail","6":"product_cat-pelze","7":"product_cat-pelze-fur-frauen","8":"product_cat-pelzjacken","10":"first","11":"instock","12":"sale","13":"shipping-taxable","14":"purchasable","15":"product-type-simple"},"_links":{"self":[{"href":"https:\/\/eshop.cosmosfurs.gr\/de\/wp-json\/wp\/v2\/product\/12536","targetHints":{"allow":["GET"]}}],"collection":[{"href":"https:\/\/eshop.cosmosfurs.gr\/de\/wp-json\/wp\/v2\/product"}],"about":[{"href":"https:\/\/eshop.cosmosfurs.gr\/de\/wp-json\/wp\/v2\/types\/product"}],"version-history":[{"count":0,"href":"https:\/\/eshop.cosmosfurs.gr\/de\/wp-json\/wp\/v2\/product\/12536\/revisions"}],"wp:featuredmedia":[{"embeddable":true,"href":"https:\/\/eshop.cosmosfurs.gr\/de\/wp-json\/wp\/v2\/media\/11664"}],"wp:attachment":[{"href":"https:\/\/eshop.cosmosfurs.gr\/de\/wp-json\/wp\/v2\/media?parent=12536"}],"wp:term":[{"taxonomy":"product_cat","embeddable":true,"href":"https:\/\/eshop.cosmosfurs.gr\/de\/wp-json\/wp\/v2\/product_cat?post=12536"},{"taxonomy":"product_tag","embeddable":true,"href":"https:\/\/eshop.cosmosfurs.gr\/de\/wp-json\/wp\/v2\/product_tag?post=12536"}],"curies":[{"name":"wp","href":"https:\/\/api.w.org\/{rel}","templated":true}]}}