{"id":12540,"date":"2021-04-09T08:16:56","date_gmt":"2021-04-09T08:16:56","guid":{"rendered":"https:\/\/eshop.cosmosfurs.gr\/product\/avery-nerzjacke\/"},"modified":"2022-02-18T10:17:19","modified_gmt":"2022-02-18T10:17:19","slug":"avery-nerzjacke","status":"publish","type":"product","link":"https:\/\/eshop.cosmosfurs.gr\/de\/product\/avery-nerzjacke\/","title":{"rendered":"Avery &#8211; Nerzjacke"},"content":{"rendered":"<p>Nerzjacke black diamond full skins natur. Damen super selektiert mit Kapuze Top-Top-Qualit\u00e4t.<\/p>\n","protected":false},"excerpt":{"rendered":"<p><strong>Europ\u00e4ische Gr\u00f6\u00dfe:<\/strong> 44<br \/>\n<strong>Brustumfang:<\/strong> 114 cm<br \/>\n<strong>Taille:<\/strong> 128 cm<br \/>\n<strong>Umfang:<\/strong> 1680 cm<br \/>\n<strong>\u00c4rmel:<\/strong> 68 cm<br \/>\n<strong>L\u00e4nge:<\/strong> 71 cm<\/p>\n","protected":false},"featured_media":11794,"template":"","meta":[],"product_cat":[266,267,268],"product_tag":[],"class_list":{"0":"post-12540","1":"product","2":"type-product","3":"status-publish","4":"has-post-thumbnail","6":"product_cat-pelze","7":"product_cat-pelze-fur-frauen","8":"product_cat-pelzjacken","10":"first","11":"instock","12":"sale","13":"shipping-taxable","14":"purchasable","15":"product-type-simple"},"_links":{"self":[{"href":"https:\/\/eshop.cosmosfurs.gr\/de\/wp-json\/wp\/v2\/product\/12540","targetHints":{"allow":["GET"]}}],"collection":[{"href":"https:\/\/eshop.cosmosfurs.gr\/de\/wp-json\/wp\/v2\/product"}],"about":[{"href":"https:\/\/eshop.cosmosfurs.gr\/de\/wp-json\/wp\/v2\/types\/product"}],"version-history":[{"count":0,"href":"https:\/\/eshop.cosmosfurs.gr\/de\/wp-json\/wp\/v2\/product\/12540\/revisions"}],"wp:featuredmedia":[{"embeddable":true,"href":"https:\/\/eshop.cosmosfurs.gr\/de\/wp-json\/wp\/v2\/media\/11794"}],"wp:attachment":[{"href":"https:\/\/eshop.cosmosfurs.gr\/de\/wp-json\/wp\/v2\/media?parent=12540"}],"wp:term":[{"taxonomy":"product_cat","embeddable":true,"href":"https:\/\/eshop.cosmosfurs.gr\/de\/wp-json\/wp\/v2\/product_cat?post=12540"},{"taxonomy":"product_tag","embeddable":true,"href":"https:\/\/eshop.cosmosfurs.gr\/de\/wp-json\/wp\/v2\/product_tag?post=12540"}],"curies":[{"name":"wp","href":"https:\/\/api.w.org\/{rel}","templated":true}]}}