{"id":12546,"date":"2021-04-08T11:41:29","date_gmt":"2021-04-08T11:41:29","guid":{"rendered":"https:\/\/eshop.cosmosfurs.gr\/product\/isabella-nerzjacke\/"},"modified":"2022-02-18T10:17:23","modified_gmt":"2022-02-18T10:17:23","slug":"isabella-nerzjacke","status":"publish","type":"product","link":"https:\/\/eshop.cosmosfurs.gr\/de\/product\/isabella-nerzjacke\/","title":{"rendered":"Isabella &#8211; Nerzjacke"},"content":{"rendered":"<p>Nerzjacke Demi Buff natur Damenfelle super ausgesuchte Top-Top-Qualit\u00e4t<\/p>\n","protected":false},"excerpt":{"rendered":"<p><strong>Europ\u00e4ische Gr\u00f6\u00dfe:<\/strong> 40-42<br \/>\n<strong>Brustumfang:<\/strong> 100 cm<br \/>\n<strong>Taille:<\/strong> 110 cm<br \/>\n<strong>Umfang:<\/strong> 118 cm<br \/>\n<strong>\u00c4rmel:<\/strong> 66 cm<br \/>\n<strong>L\u00e4nge:<\/strong> 75 cm<\/p>\n","protected":false},"featured_media":11691,"template":"","meta":[],"product_cat":[266,267,268],"product_tag":[],"class_list":{"0":"post-12546","1":"product","2":"type-product","3":"status-publish","4":"has-post-thumbnail","6":"product_cat-pelze","7":"product_cat-pelze-fur-frauen","8":"product_cat-pelzjacken","10":"first","11":"instock","12":"sale","13":"shipping-taxable","14":"purchasable","15":"product-type-simple"},"_links":{"self":[{"href":"https:\/\/eshop.cosmosfurs.gr\/de\/wp-json\/wp\/v2\/product\/12546","targetHints":{"allow":["GET"]}}],"collection":[{"href":"https:\/\/eshop.cosmosfurs.gr\/de\/wp-json\/wp\/v2\/product"}],"about":[{"href":"https:\/\/eshop.cosmosfurs.gr\/de\/wp-json\/wp\/v2\/types\/product"}],"version-history":[{"count":0,"href":"https:\/\/eshop.cosmosfurs.gr\/de\/wp-json\/wp\/v2\/product\/12546\/revisions"}],"wp:featuredmedia":[{"embeddable":true,"href":"https:\/\/eshop.cosmosfurs.gr\/de\/wp-json\/wp\/v2\/media\/11691"}],"wp:attachment":[{"href":"https:\/\/eshop.cosmosfurs.gr\/de\/wp-json\/wp\/v2\/media?parent=12546"}],"wp:term":[{"taxonomy":"product_cat","embeddable":true,"href":"https:\/\/eshop.cosmosfurs.gr\/de\/wp-json\/wp\/v2\/product_cat?post=12546"},{"taxonomy":"product_tag","embeddable":true,"href":"https:\/\/eshop.cosmosfurs.gr\/de\/wp-json\/wp\/v2\/product_tag?post=12546"}],"curies":[{"name":"wp","href":"https:\/\/api.w.org\/{rel}","templated":true}]}}