{"id":12557,"date":"2021-04-13T06:51:05","date_gmt":"2021-04-13T06:51:05","guid":{"rendered":"https:\/\/eshop.cosmosfurs.gr\/product\/natalie-nerzmantel\/"},"modified":"2022-02-18T10:17:28","modified_gmt":"2022-02-18T10:17:28","slug":"natalie-nerzmantel","status":"publish","type":"product","link":"https:\/\/eshop.cosmosfurs.gr\/de\/product\/natalie-nerzmantel\/","title":{"rendered":"Natalie &#8211; Nerzmantel"},"content":{"rendered":"<p>Nerzmantel demi buff nat\u00fcrliche Farbe weibliche Vollfelle super ausgew\u00e4hlte Top-Top-Qualit\u00e4t<\/p>\n","protected":false},"excerpt":{"rendered":"<p><strong>Europ\u00e4ische Gr\u00f6\u00dfe:<\/strong> 50<br \/>\n<strong>Brustumfang:<\/strong> 108 cm<br \/>\n<strong>Taille:<\/strong> 130 cm<br \/>\n<strong>Umfang:<\/strong> 150 cm<br \/>\n<strong>\u00c4rmel:<\/strong> 64 cm<br \/>\n<strong>L\u00e4nge:<\/strong> 109 cm<\/p>\n","protected":false},"featured_media":11969,"template":"","meta":[],"product_cat":[266,267,270],"product_tag":[],"class_list":{"0":"post-12557","1":"product","2":"type-product","3":"status-publish","4":"has-post-thumbnail","6":"product_cat-pelze","7":"product_cat-pelze-fur-frauen","8":"product_cat-pelzmantel","10":"first","11":"instock","12":"sale","13":"shipping-taxable","14":"purchasable","15":"product-type-simple"},"_links":{"self":[{"href":"https:\/\/eshop.cosmosfurs.gr\/de\/wp-json\/wp\/v2\/product\/12557","targetHints":{"allow":["GET"]}}],"collection":[{"href":"https:\/\/eshop.cosmosfurs.gr\/de\/wp-json\/wp\/v2\/product"}],"about":[{"href":"https:\/\/eshop.cosmosfurs.gr\/de\/wp-json\/wp\/v2\/types\/product"}],"version-history":[{"count":0,"href":"https:\/\/eshop.cosmosfurs.gr\/de\/wp-json\/wp\/v2\/product\/12557\/revisions"}],"wp:featuredmedia":[{"embeddable":true,"href":"https:\/\/eshop.cosmosfurs.gr\/de\/wp-json\/wp\/v2\/media\/11969"}],"wp:attachment":[{"href":"https:\/\/eshop.cosmosfurs.gr\/de\/wp-json\/wp\/v2\/media?parent=12557"}],"wp:term":[{"taxonomy":"product_cat","embeddable":true,"href":"https:\/\/eshop.cosmosfurs.gr\/de\/wp-json\/wp\/v2\/product_cat?post=12557"},{"taxonomy":"product_tag","embeddable":true,"href":"https:\/\/eshop.cosmosfurs.gr\/de\/wp-json\/wp\/v2\/product_tag?post=12557"}],"curies":[{"name":"wp","href":"https:\/\/api.w.org\/{rel}","templated":true}]}}