{"id":12564,"date":"2021-04-16T06:48:25","date_gmt":"2021-04-16T06:48:25","guid":{"rendered":"https:\/\/eshop.cosmosfurs.gr\/product\/claire-nerzweste\/"},"modified":"2022-02-18T10:17:32","modified_gmt":"2022-02-18T10:17:32","slug":"claire-nerzweste","status":"publish","type":"product","link":"https:\/\/eshop.cosmosfurs.gr\/de\/product\/claire-nerzweste\/","title":{"rendered":"Claire &#8211; Nerzweste"},"content":{"rendered":"<p>Nerzweste Pearl Palomino Naturfarbe mit Katze Luchs Kapuze Natur Vollfelle Super ausgesuchte Top-Top-Qualit\u00e4t.<\/p>\n","protected":false},"excerpt":{"rendered":"<p><strong>Europ\u00e4ische Gr\u00f6\u00dfe:<\/strong> 44<br \/>\n <strong>Brustumfang:<\/strong> 116 cm<br \/>\n<strong>Taille:<\/strong> 118 cm<br \/>\n<strong>Umfang:<\/strong> 120 cm<br \/>\n<strong>Die Schulter:<\/strong> 15 cm<br \/>\n<strong>L\u00e4nge:<\/strong> 80 cm<\/p>\n","protected":false},"featured_media":12015,"template":"","meta":[],"product_cat":[266,267,271],"product_tag":[],"class_list":{"0":"post-12564","1":"product","2":"type-product","3":"status-publish","4":"has-post-thumbnail","6":"product_cat-pelze","7":"product_cat-pelze-fur-frauen","8":"product_cat-pelzwesten","10":"first","11":"instock","12":"sale","13":"shipping-taxable","14":"purchasable","15":"product-type-simple"},"_links":{"self":[{"href":"https:\/\/eshop.cosmosfurs.gr\/de\/wp-json\/wp\/v2\/product\/12564","targetHints":{"allow":["GET"]}}],"collection":[{"href":"https:\/\/eshop.cosmosfurs.gr\/de\/wp-json\/wp\/v2\/product"}],"about":[{"href":"https:\/\/eshop.cosmosfurs.gr\/de\/wp-json\/wp\/v2\/types\/product"}],"version-history":[{"count":0,"href":"https:\/\/eshop.cosmosfurs.gr\/de\/wp-json\/wp\/v2\/product\/12564\/revisions"}],"wp:featuredmedia":[{"embeddable":true,"href":"https:\/\/eshop.cosmosfurs.gr\/de\/wp-json\/wp\/v2\/media\/12015"}],"wp:attachment":[{"href":"https:\/\/eshop.cosmosfurs.gr\/de\/wp-json\/wp\/v2\/media?parent=12564"}],"wp:term":[{"taxonomy":"product_cat","embeddable":true,"href":"https:\/\/eshop.cosmosfurs.gr\/de\/wp-json\/wp\/v2\/product_cat?post=12564"},{"taxonomy":"product_tag","embeddable":true,"href":"https:\/\/eshop.cosmosfurs.gr\/de\/wp-json\/wp\/v2\/product_tag?post=12564"}],"curies":[{"name":"wp","href":"https:\/\/api.w.org\/{rel}","templated":true}]}}