{"id":12571,"date":"2021-04-16T10:09:14","date_gmt":"2021-04-16T10:09:14","guid":{"rendered":"https:\/\/eshop.cosmosfurs.gr\/product\/gabriella-chinchilla-jacke\/"},"modified":"2022-02-18T10:17:35","modified_gmt":"2022-02-18T10:17:35","slug":"gabriella-chinchilla-jacke","status":"publish","type":"product","link":"https:\/\/eshop.cosmosfurs.gr\/de\/product\/gabriella-chinchilla-jacke\/","title":{"rendered":"Gabriella &#8211; Chinchilla-Jacke"},"content":{"rendered":"<p>Chinchilla aus S\u00fcdamerika Vollhaut naturbelassen aber gef\u00e4rbt in Gr\u00fcn super ausgesuchte Top-Top-Qualit\u00e4t<\/p>\n","protected":false},"excerpt":{"rendered":"<p><strong>Brustumfang:<\/strong> 100 cm<br \/>\n<strong>Taille:<\/strong> 102 cm<br \/>\n<strong>Umfang:<\/strong> 110 cm<br \/>\n<strong>\u00c4rmel:<\/strong> 62 cm<br \/>\n<strong>L\u00e4nge:<\/strong> 81 cm<\/p>\n","protected":false},"featured_media":12126,"template":"","meta":[],"product_cat":[266,267,268],"product_tag":[],"class_list":{"0":"post-12571","1":"product","2":"type-product","3":"status-publish","4":"has-post-thumbnail","6":"product_cat-pelze","7":"product_cat-pelze-fur-frauen","8":"product_cat-pelzjacken","10":"first","11":"instock","12":"sale","13":"shipping-taxable","14":"purchasable","15":"product-type-simple"},"_links":{"self":[{"href":"https:\/\/eshop.cosmosfurs.gr\/de\/wp-json\/wp\/v2\/product\/12571","targetHints":{"allow":["GET"]}}],"collection":[{"href":"https:\/\/eshop.cosmosfurs.gr\/de\/wp-json\/wp\/v2\/product"}],"about":[{"href":"https:\/\/eshop.cosmosfurs.gr\/de\/wp-json\/wp\/v2\/types\/product"}],"version-history":[{"count":0,"href":"https:\/\/eshop.cosmosfurs.gr\/de\/wp-json\/wp\/v2\/product\/12571\/revisions"}],"wp:featuredmedia":[{"embeddable":true,"href":"https:\/\/eshop.cosmosfurs.gr\/de\/wp-json\/wp\/v2\/media\/12126"}],"wp:attachment":[{"href":"https:\/\/eshop.cosmosfurs.gr\/de\/wp-json\/wp\/v2\/media?parent=12571"}],"wp:term":[{"taxonomy":"product_cat","embeddable":true,"href":"https:\/\/eshop.cosmosfurs.gr\/de\/wp-json\/wp\/v2\/product_cat?post=12571"},{"taxonomy":"product_tag","embeddable":true,"href":"https:\/\/eshop.cosmosfurs.gr\/de\/wp-json\/wp\/v2\/product_tag?post=12571"}],"curies":[{"name":"wp","href":"https:\/\/api.w.org\/{rel}","templated":true}]}}