{"id":12576,"date":"2021-05-11T07:16:58","date_gmt":"2021-05-11T07:16:58","guid":{"rendered":"https:\/\/eshop.cosmosfurs.gr\/product\/hailey-nerzjacke\/"},"modified":"2022-02-18T10:17:38","modified_gmt":"2022-02-18T10:17:38","slug":"hailey-nerzjacke","status":"publish","type":"product","link":"https:\/\/eshop.cosmosfurs.gr\/de\/product\/hailey-nerzjacke\/","title":{"rendered":"Hailey &#8211; Nerzjacke"},"content":{"rendered":"<p>Nerz rasiert quer wei\u00df braun weibliche nat\u00fcrliche Vollfelle mit Sibirischem Luchs an Kragen und \u00c4rmeln.<\/p>\n","protected":false},"excerpt":{"rendered":"<p><strong>Brustumfang:<\/strong> 126 cm<br \/>\n<strong>Taille:<\/strong> 130 cm<br \/>\n<strong>Umfang:<\/strong> 140 cm<br \/>\n<strong>Die Schulter:<\/strong> 13 cm<br \/>\n<strong>\u00c4rmel:<\/strong> 62 cm<br \/>\n<strong>L\u00e4nge:<\/strong> 76cm<\/p>\n","protected":false},"featured_media":12187,"template":"","meta":[],"product_cat":[266,267,268],"product_tag":[],"class_list":{"0":"post-12576","1":"product","2":"type-product","3":"status-publish","4":"has-post-thumbnail","6":"product_cat-pelze","7":"product_cat-pelze-fur-frauen","8":"product_cat-pelzjacken","10":"first","11":"instock","12":"sale","13":"shipping-taxable","14":"purchasable","15":"product-type-simple"},"_links":{"self":[{"href":"https:\/\/eshop.cosmosfurs.gr\/de\/wp-json\/wp\/v2\/product\/12576","targetHints":{"allow":["GET"]}}],"collection":[{"href":"https:\/\/eshop.cosmosfurs.gr\/de\/wp-json\/wp\/v2\/product"}],"about":[{"href":"https:\/\/eshop.cosmosfurs.gr\/de\/wp-json\/wp\/v2\/types\/product"}],"version-history":[{"count":0,"href":"https:\/\/eshop.cosmosfurs.gr\/de\/wp-json\/wp\/v2\/product\/12576\/revisions"}],"wp:featuredmedia":[{"embeddable":true,"href":"https:\/\/eshop.cosmosfurs.gr\/de\/wp-json\/wp\/v2\/media\/12187"}],"wp:attachment":[{"href":"https:\/\/eshop.cosmosfurs.gr\/de\/wp-json\/wp\/v2\/media?parent=12576"}],"wp:term":[{"taxonomy":"product_cat","embeddable":true,"href":"https:\/\/eshop.cosmosfurs.gr\/de\/wp-json\/wp\/v2\/product_cat?post=12576"},{"taxonomy":"product_tag","embeddable":true,"href":"https:\/\/eshop.cosmosfurs.gr\/de\/wp-json\/wp\/v2\/product_tag?post=12576"}],"curies":[{"name":"wp","href":"https:\/\/api.w.org\/{rel}","templated":true}]}}