{"id":12578,"date":"2021-05-11T07:25:36","date_gmt":"2021-05-11T07:25:36","guid":{"rendered":"https:\/\/eshop.cosmosfurs.gr\/product\/nevaeh-cat-lynx-jacke\/"},"modified":"2022-02-18T10:17:39","modified_gmt":"2022-02-18T10:17:39","slug":"nevaeh-cat-lynx-jacke","status":"publish","type":"product","link":"https:\/\/eshop.cosmosfurs.gr\/de\/product\/nevaeh-cat-lynx-jacke\/","title":{"rendered":"Nevaeh &#8211; Cat Lynx-Jacke"},"content":{"rendered":"<p>Lynx original russischer sibirischer Umhang und Jacke im Full Skin-Stil, super ausgew\u00e4hlt, Top-Top-Qualit\u00e4t, mit dem G\u00fcrtel k\u00f6nnen Sie ihn an- oder ausziehen.<\/p>\n","protected":false},"excerpt":{"rendered":"<p><strong>Brustumfang:<\/strong> 114 cm<br \/>\n<strong>Taille:<\/strong> 110 cm<br \/>\n<strong>Umfang:<\/strong> 140 cm<br \/>\n<strong>Die Schulter:<\/strong> 13 cm<br \/>\n<strong>\u00c4rmel:<\/strong> 53 cm<\/p>\n","protected":false},"featured_media":12195,"template":"","meta":[],"product_cat":[266,267,268],"product_tag":[],"class_list":{"0":"post-12578","1":"product","2":"type-product","3":"status-publish","4":"has-post-thumbnail","6":"product_cat-pelze","7":"product_cat-pelze-fur-frauen","8":"product_cat-pelzjacken","10":"first","11":"outofstock","12":"sale","13":"shipping-taxable","14":"purchasable","15":"product-type-simple"},"_links":{"self":[{"href":"https:\/\/eshop.cosmosfurs.gr\/de\/wp-json\/wp\/v2\/product\/12578","targetHints":{"allow":["GET"]}}],"collection":[{"href":"https:\/\/eshop.cosmosfurs.gr\/de\/wp-json\/wp\/v2\/product"}],"about":[{"href":"https:\/\/eshop.cosmosfurs.gr\/de\/wp-json\/wp\/v2\/types\/product"}],"version-history":[{"count":0,"href":"https:\/\/eshop.cosmosfurs.gr\/de\/wp-json\/wp\/v2\/product\/12578\/revisions"}],"wp:featuredmedia":[{"embeddable":true,"href":"https:\/\/eshop.cosmosfurs.gr\/de\/wp-json\/wp\/v2\/media\/12195"}],"wp:attachment":[{"href":"https:\/\/eshop.cosmosfurs.gr\/de\/wp-json\/wp\/v2\/media?parent=12578"}],"wp:term":[{"taxonomy":"product_cat","embeddable":true,"href":"https:\/\/eshop.cosmosfurs.gr\/de\/wp-json\/wp\/v2\/product_cat?post=12578"},{"taxonomy":"product_tag","embeddable":true,"href":"https:\/\/eshop.cosmosfurs.gr\/de\/wp-json\/wp\/v2\/product_tag?post=12578"}],"curies":[{"name":"wp","href":"https:\/\/api.w.org\/{rel}","templated":true}]}}