{"id":12586,"date":"2021-04-09T13:36:37","date_gmt":"2021-04-09T13:36:37","guid":{"rendered":"https:\/\/eshop.cosmosfurs.gr\/product\/victoria-nerzjacke\/"},"modified":"2022-02-18T10:17:42","modified_gmt":"2022-02-18T10:17:42","slug":"victoria-nerzjacke","status":"publish","type":"product","link":"https:\/\/eshop.cosmosfurs.gr\/de\/product\/victoria-nerzjacke\/","title":{"rendered":"Victoria &#8211; Nerzjacke"},"content":{"rendered":"<p>Blackglama Nerzjacke natur Damenfelle amerikanische Qualit\u00e4t super ausgesuchte Top-Top-Qualit\u00e4t! \u00c4rmel wenig Cambama-Stil<\/p>\n","protected":false},"excerpt":{"rendered":"<p><strong>Brustumfang:<\/strong> 98 cm<br \/>\n<strong>Taille:<\/strong> 126 cm<br \/>\n<strong>Umfang:<\/strong> 148 cm<br \/>\n<strong>\u00c4rmel:<\/strong> 54 cm<\/p>\n","protected":false},"featured_media":11871,"template":"","meta":[],"product_cat":[266,267,268],"product_tag":[],"class_list":{"0":"post-12586","1":"product","2":"type-product","3":"status-publish","4":"has-post-thumbnail","6":"product_cat-pelze","7":"product_cat-pelze-fur-frauen","8":"product_cat-pelzjacken","10":"first","11":"instock","12":"sale","13":"shipping-taxable","14":"purchasable","15":"product-type-simple"},"_links":{"self":[{"href":"https:\/\/eshop.cosmosfurs.gr\/de\/wp-json\/wp\/v2\/product\/12586","targetHints":{"allow":["GET"]}}],"collection":[{"href":"https:\/\/eshop.cosmosfurs.gr\/de\/wp-json\/wp\/v2\/product"}],"about":[{"href":"https:\/\/eshop.cosmosfurs.gr\/de\/wp-json\/wp\/v2\/types\/product"}],"version-history":[{"count":0,"href":"https:\/\/eshop.cosmosfurs.gr\/de\/wp-json\/wp\/v2\/product\/12586\/revisions"}],"wp:featuredmedia":[{"embeddable":true,"href":"https:\/\/eshop.cosmosfurs.gr\/de\/wp-json\/wp\/v2\/media\/11871"}],"wp:attachment":[{"href":"https:\/\/eshop.cosmosfurs.gr\/de\/wp-json\/wp\/v2\/media?parent=12586"}],"wp:term":[{"taxonomy":"product_cat","embeddable":true,"href":"https:\/\/eshop.cosmosfurs.gr\/de\/wp-json\/wp\/v2\/product_cat?post=12586"},{"taxonomy":"product_tag","embeddable":true,"href":"https:\/\/eshop.cosmosfurs.gr\/de\/wp-json\/wp\/v2\/product_tag?post=12586"}],"curies":[{"name":"wp","href":"https:\/\/api.w.org\/{rel}","templated":true}]}}