{"id":12589,"date":"2021-05-11T09:09:28","date_gmt":"2021-05-11T09:09:28","guid":{"rendered":"https:\/\/eshop.cosmosfurs.gr\/product\/cora-nerzweste\/"},"modified":"2022-02-18T10:17:44","modified_gmt":"2022-02-18T10:17:44","slug":"cora-nerzweste","status":"publish","type":"product","link":"https:\/\/eshop.cosmosfurs.gr\/de\/product\/cora-nerzweste\/","title":{"rendered":"Cora &#8211; Nerzweste"},"content":{"rendered":"<p>Nerz wei\u00df natur mit Wei\u00dffuchs-Vollfellen super ausgesuchte Top-Top-Qualit\u00e4t.<\/p>\n","protected":false},"excerpt":{"rendered":"<p><strong>Brustumfang:<\/strong> 104 cm<br \/>\n<strong>Taille:<\/strong> 104 cm<br \/>\n<strong>Umfang:<\/strong> 110 cm<br \/>\n<strong>Die Schulter:<\/strong> 14 cm<br \/>\n<strong>L\u00e4nge:<\/strong> 61 cm<\/p>\n","protected":false},"featured_media":12239,"template":"","meta":[],"product_cat":[266,267,271],"product_tag":[],"class_list":{"0":"post-12589","1":"product","2":"type-product","3":"status-publish","4":"has-post-thumbnail","6":"product_cat-pelze","7":"product_cat-pelze-fur-frauen","8":"product_cat-pelzwesten","10":"first","11":"outofstock","12":"sale","13":"shipping-taxable","14":"purchasable","15":"product-type-simple"},"_links":{"self":[{"href":"https:\/\/eshop.cosmosfurs.gr\/de\/wp-json\/wp\/v2\/product\/12589","targetHints":{"allow":["GET"]}}],"collection":[{"href":"https:\/\/eshop.cosmosfurs.gr\/de\/wp-json\/wp\/v2\/product"}],"about":[{"href":"https:\/\/eshop.cosmosfurs.gr\/de\/wp-json\/wp\/v2\/types\/product"}],"version-history":[{"count":0,"href":"https:\/\/eshop.cosmosfurs.gr\/de\/wp-json\/wp\/v2\/product\/12589\/revisions"}],"wp:featuredmedia":[{"embeddable":true,"href":"https:\/\/eshop.cosmosfurs.gr\/de\/wp-json\/wp\/v2\/media\/12239"}],"wp:attachment":[{"href":"https:\/\/eshop.cosmosfurs.gr\/de\/wp-json\/wp\/v2\/media?parent=12589"}],"wp:term":[{"taxonomy":"product_cat","embeddable":true,"href":"https:\/\/eshop.cosmosfurs.gr\/de\/wp-json\/wp\/v2\/product_cat?post=12589"},{"taxonomy":"product_tag","embeddable":true,"href":"https:\/\/eshop.cosmosfurs.gr\/de\/wp-json\/wp\/v2\/product_tag?post=12589"}],"curies":[{"name":"wp","href":"https:\/\/api.w.org\/{rel}","templated":true}]}}