{"id":12601,"date":"2021-05-11T09:54:19","date_gmt":"2021-05-11T09:54:19","guid":{"rendered":"https:\/\/eshop.cosmosfurs.gr\/product\/everleigh-cat-lynx-weste\/"},"modified":"2022-02-18T10:17:48","modified_gmt":"2022-02-18T10:17:48","slug":"everleigh-cat-lynx-weste","status":"publish","type":"product","link":"https:\/\/eshop.cosmosfurs.gr\/de\/product\/everleigh-cat-lynx-weste\/","title":{"rendered":"Everleigh &#8211; Cat Lynx-Weste"},"content":{"rendered":"<p>Lynx Sibirische original russische Vollfelle super ausgesuchte Top-Top-Qualit\u00e4t mit Lederkn\u00f6pfen und einem Lederg\u00fcrtel, den man nicht ausziehen kann.<\/p>\n","protected":false},"excerpt":{"rendered":"<p><strong>Brustumfang:<\/strong> 96 cm<br \/>\n<strong>Taille:<\/strong> 88 cm<br \/>\n<strong>Umfang:<\/strong> 110 cm<br \/>\n<strong>Die Schulter:<\/strong> 12 cm<br \/>\n<strong>L\u00e4nge:<\/strong> 67 cm<\/p>\n","protected":false},"featured_media":12279,"template":"","meta":[],"product_cat":[266,267,271],"product_tag":[],"class_list":{"0":"post-12601","1":"product","2":"type-product","3":"status-publish","4":"has-post-thumbnail","6":"product_cat-pelze","7":"product_cat-pelze-fur-frauen","8":"product_cat-pelzwesten","10":"first","11":"instock","12":"sale","13":"shipping-taxable","14":"purchasable","15":"product-type-simple"},"_links":{"self":[{"href":"https:\/\/eshop.cosmosfurs.gr\/de\/wp-json\/wp\/v2\/product\/12601","targetHints":{"allow":["GET"]}}],"collection":[{"href":"https:\/\/eshop.cosmosfurs.gr\/de\/wp-json\/wp\/v2\/product"}],"about":[{"href":"https:\/\/eshop.cosmosfurs.gr\/de\/wp-json\/wp\/v2\/types\/product"}],"version-history":[{"count":0,"href":"https:\/\/eshop.cosmosfurs.gr\/de\/wp-json\/wp\/v2\/product\/12601\/revisions"}],"wp:featuredmedia":[{"embeddable":true,"href":"https:\/\/eshop.cosmosfurs.gr\/de\/wp-json\/wp\/v2\/media\/12279"}],"wp:attachment":[{"href":"https:\/\/eshop.cosmosfurs.gr\/de\/wp-json\/wp\/v2\/media?parent=12601"}],"wp:term":[{"taxonomy":"product_cat","embeddable":true,"href":"https:\/\/eshop.cosmosfurs.gr\/de\/wp-json\/wp\/v2\/product_cat?post=12601"},{"taxonomy":"product_tag","embeddable":true,"href":"https:\/\/eshop.cosmosfurs.gr\/de\/wp-json\/wp\/v2\/product_tag?post=12601"}],"curies":[{"name":"wp","href":"https:\/\/api.w.org\/{rel}","templated":true}]}}