{"id":13020,"date":"2022-03-03T09:31:39","date_gmt":"2022-03-03T09:31:39","guid":{"rendered":"https:\/\/eshop.cosmosfurs.gr\/product\/laila-ohrringe-mit-handgefertigtem-griechischen-schluesselmenader\/"},"modified":"2022-04-15T09:14:26","modified_gmt":"2022-04-15T09:14:26","slug":"laila-ohrringe-mit-handgemachtem-griechischem-schlssel-menader","status":"publish","type":"product","link":"https:\/\/eshop.cosmosfurs.gr\/de\/product\/laila-ohrringe-mit-handgemachtem-griechischem-schlssel-menader\/","title":{"rendered":"Laila &#8211; Ohrringe mit handgefertigtem griechischen Schl\u00fcsselmenader"},"content":{"rendered":"<p>Schmuck Ohrringe 585K\/14K Gelb- und Wei\u00dfgold mit griechischem Schl\u00fcssel M\u00e4ander handgefertigt<\/p>\n","protected":false},"excerpt":{"rendered":"<p>Schmuck Ohrringe 585K\/14K Gelb- und Wei\u00dfgold mit griechischem Schl\u00fcssel M\u00e4ander handgefertigt<\/p>\n","protected":false},"featured_media":13015,"template":"","meta":[],"product_cat":[287,286],"product_tag":[],"class_list":{"0":"post-13020","1":"product","2":"type-product","3":"status-publish","4":"has-post-thumbnail","6":"product_cat-ohrringe","7":"product_cat-schmuck","9":"first","10":"outofstock","11":"sale","12":"shipping-taxable","13":"purchasable","14":"product-type-simple"},"_links":{"self":[{"href":"https:\/\/eshop.cosmosfurs.gr\/de\/wp-json\/wp\/v2\/product\/13020","targetHints":{"allow":["GET"]}}],"collection":[{"href":"https:\/\/eshop.cosmosfurs.gr\/de\/wp-json\/wp\/v2\/product"}],"about":[{"href":"https:\/\/eshop.cosmosfurs.gr\/de\/wp-json\/wp\/v2\/types\/product"}],"version-history":[{"count":0,"href":"https:\/\/eshop.cosmosfurs.gr\/de\/wp-json\/wp\/v2\/product\/13020\/revisions"}],"wp:featuredmedia":[{"embeddable":true,"href":"https:\/\/eshop.cosmosfurs.gr\/de\/wp-json\/wp\/v2\/media\/13015"}],"wp:attachment":[{"href":"https:\/\/eshop.cosmosfurs.gr\/de\/wp-json\/wp\/v2\/media?parent=13020"}],"wp:term":[{"taxonomy":"product_cat","embeddable":true,"href":"https:\/\/eshop.cosmosfurs.gr\/de\/wp-json\/wp\/v2\/product_cat?post=13020"},{"taxonomy":"product_tag","embeddable":true,"href":"https:\/\/eshop.cosmosfurs.gr\/de\/wp-json\/wp\/v2\/product_tag?post=13020"}],"curies":[{"name":"wp","href":"https:\/\/api.w.org\/{rel}","templated":true}]}}